{"id":948,"date":"2023-10-19T13:36:11","date_gmt":"2023-10-19T13:36:11","guid":{"rendered":"https:\/\/southcafe.fabricadewebs.com\/?page_id=948"},"modified":"2023-10-19T15:39:51","modified_gmt":"2023-10-19T15:39:51","slug":"eventos","status":"publish","type":"page","link":"https:\/\/southcafe.fabricadewebs.com\/en\/eventos\/","title":{"rendered":"Events"},"content":{"rendered":"\t\t<div data-elementor-type=\"wp-page\" data-elementor-id=\"948\" class=\"elementor elementor-948\" data-elementor-post-type=\"page\">\n\t\t\t\t\t\t<section class=\"elementor-section elementor-top-section elementor-element elementor-element-053c7d2 elementor-section-height-min-height elementor-section-boxed elementor-section-height-default elementor-section-items-middle\" data-id=\"053c7d2\" data-element_type=\"section\" data-settings=\"{&quot;background_background&quot;:&quot;classic&quot;}\">\n\t\t\t\t\t\t\t<div class=\"elementor-background-overlay\"><\/div>\n\t\t\t\t\t\t\t<div class=\"elementor-container elementor-column-gap-default\">\n\t\t\t\t\t<div class=\"elementor-column elementor-col-100 elementor-top-column elementor-element elementor-element-942b164\" data-id=\"942b164\" data-element_type=\"column\">\n\t\t\t<div class=\"elementor-widget-wrap elementor-element-populated\">\n\t\t\t\t\t\t<div class=\"elementor-element elementor-element-22ea7c7 elementor-widget elementor-widget-heading\" data-id=\"22ea7c7\" data-element_type=\"widget\" data-widget_type=\"heading.default\">\n\t\t\t\t<div class=\"elementor-widget-container\">\n\t\t\t<style>\/*! elementor - v3.20.0 - 26-03-2024 *\/\n.elementor-heading-title{padding:0;margin:0;line-height:1}.elementor-widget-heading .elementor-heading-title[class*=elementor-size-]>a{color:inherit;font-size:inherit;line-height:inherit}.elementor-widget-heading .elementor-heading-title.elementor-size-small{font-size:15px}.elementor-widget-heading .elementor-heading-title.elementor-size-medium{font-size:19px}.elementor-widget-heading .elementor-heading-title.elementor-size-large{font-size:29px}.elementor-widget-heading .elementor-heading-title.elementor-size-xl{font-size:39px}.elementor-widget-heading .elementor-heading-title.elementor-size-xxl{font-size:59px}<\/style><h1 class=\"elementor-heading-title elementor-size-default\">Events<\/h1>\t\t<\/div>\n\t\t\t\t<\/div>\n\t\t\t\t<div class=\"elementor-element elementor-element-a8273d1 elementor-widget elementor-widget-spacer\" data-id=\"a8273d1\" data-element_type=\"widget\" data-widget_type=\"spacer.default\">\n\t\t\t\t<div class=\"elementor-widget-container\">\n\t\t\t<style>\/*! elementor - v3.20.0 - 26-03-2024 *\/\n.elementor-column .elementor-spacer-inner{height:var(--spacer-size)}.e-con{--container-widget-width:100%}.e-con-inner>.elementor-widget-spacer,.e-con>.elementor-widget-spacer{width:var(--container-widget-width,var(--spacer-size));--align-self:var(--container-widget-align-self,initial);--flex-shrink:0}.e-con-inner>.elementor-widget-spacer>.elementor-widget-container,.e-con>.elementor-widget-spacer>.elementor-widget-container{height:100%;width:100%}.e-con-inner>.elementor-widget-spacer>.elementor-widget-container>.elementor-spacer,.e-con>.elementor-widget-spacer>.elementor-widget-container>.elementor-spacer{height:100%}.e-con-inner>.elementor-widget-spacer>.elementor-widget-container>.elementor-spacer>.elementor-spacer-inner,.e-con>.elementor-widget-spacer>.elementor-widget-container>.elementor-spacer>.elementor-spacer-inner{height:var(--container-widget-height,var(--spacer-size))}.e-con-inner>.elementor-widget-spacer.elementor-widget-empty,.e-con>.elementor-widget-spacer.elementor-widget-empty{position:relative;min-height:22px;min-width:22px}.e-con-inner>.elementor-widget-spacer.elementor-widget-empty .elementor-widget-empty-icon,.e-con>.elementor-widget-spacer.elementor-widget-empty .elementor-widget-empty-icon{position:absolute;top:0;bottom:0;left:0;right:0;margin:auto;padding:0;width:22px;height:22px}<\/style>\t\t<div class=\"elementor-spacer\">\n\t\t\t<div class=\"elementor-spacer-inner\"><\/div>\n\t\t<\/div>\n\t\t\t\t<\/div>\n\t\t\t\t<\/div>\n\t\t\t\t\t<\/div>\n\t\t<\/div>\n\t\t\t\t\t<\/div>\n\t\t<\/section>\n\t\t\t\t<section class=\"elementor-section elementor-top-section elementor-element elementor-element-981536d elementor-section-content-middle elementor-section-boxed elementor-section-height-default elementor-section-height-default\" data-id=\"981536d\" data-element_type=\"section\">\n\t\t\t\t\t\t<div class=\"elementor-container elementor-column-gap-default\">\n\t\t\t\t\t<div class=\"elementor-column elementor-col-50 elementor-top-column elementor-element elementor-element-924d94b\" data-id=\"924d94b\" data-element_type=\"column\">\n\t\t\t<div class=\"elementor-widget-wrap elementor-element-populated\">\n\t\t\t\t\t\t<section class=\"elementor-section elementor-inner-section elementor-element elementor-element-8eed65b elementor-section-content-middle elementor-section-boxed elementor-section-height-default elementor-section-height-default\" data-id=\"8eed65b\" data-element_type=\"section\">\n\t\t\t\t\t\t<div class=\"elementor-container elementor-column-gap-default\">\n\t\t\t\t\t<div class=\"elementor-column elementor-col-50 elementor-inner-column elementor-element elementor-element-c49e4a8\" data-id=\"c49e4a8\" data-element_type=\"column\">\n\t\t\t<div class=\"elementor-widget-wrap elementor-element-populated\">\n\t\t\t\t\t\t<div class=\"elementor-element elementor-element-0e4a1ea elementor-widget elementor-widget-image\" data-id=\"0e4a1ea\" data-element_type=\"widget\" data-widget_type=\"image.default\">\n\t\t\t\t<div class=\"elementor-widget-container\">\n\t\t\t<style>\/*! elementor - v3.20.0 - 26-03-2024 *\/\n.elementor-widget-image{text-align:center}.elementor-widget-image a{display:inline-block}.elementor-widget-image a img[src$=\".svg\"]{width:48px}.elementor-widget-image img{vertical-align:middle;display:inline-block}<\/style>\t\t\t\t\t\t\t\t\t\t<img fetchpriority=\"high\" decoding=\"async\" width=\"1967\" height=\"2288\" src=\"https:\/\/southcafe.fabricadewebs.com\/wp-content\/uploads\/2023\/10\/DSC2720.webp\" class=\"attachment-full size-full wp-image-732\" alt=\"\" srcset=\"https:\/\/southcafe.fabricadewebs.com\/wp-content\/uploads\/2023\/10\/DSC2720.webp 1967w, https:\/\/southcafe.fabricadewebs.com\/wp-content\/uploads\/2023\/10\/DSC2720-258x300.webp 258w, https:\/\/southcafe.fabricadewebs.com\/wp-content\/uploads\/2023\/10\/DSC2720-880x1024.webp 880w, https:\/\/southcafe.fabricadewebs.com\/wp-content\/uploads\/2023\/10\/DSC2720-768x893.webp 768w, https:\/\/southcafe.fabricadewebs.com\/wp-content\/uploads\/2023\/10\/DSC2720-1321x1536.webp 1321w, https:\/\/southcafe.fabricadewebs.com\/wp-content\/uploads\/2023\/10\/DSC2720-1761x2048.webp 1761w, https:\/\/southcafe.fabricadewebs.com\/wp-content\/uploads\/2023\/10\/DSC2720-600x698.webp 600w\" sizes=\"(max-width: 1967px) 100vw, 1967px\" \/>\t\t\t\t\t\t\t\t\t\t\t\t\t<\/div>\n\t\t\t\t<\/div>\n\t\t\t\t\t<\/div>\n\t\t<\/div>\n\t\t\t\t<div class=\"elementor-column elementor-col-50 elementor-inner-column elementor-element elementor-element-0303948\" data-id=\"0303948\" data-element_type=\"column\">\n\t\t\t<div class=\"elementor-widget-wrap elementor-element-populated\">\n\t\t\t\t\t\t<div class=\"elementor-element elementor-element-8c8bcca elementor-widget elementor-widget-image\" data-id=\"8c8bcca\" data-element_type=\"widget\" data-widget_type=\"image.default\">\n\t\t\t\t<div class=\"elementor-widget-container\">\n\t\t\t\t\t\t\t\t\t\t\t\t\t<img decoding=\"async\" width=\"1967\" height=\"1967\" src=\"https:\/\/southcafe.fabricadewebs.com\/wp-content\/uploads\/2023\/10\/DSC2703.webp\" class=\"attachment-full size-full wp-image-736\" alt=\"\" srcset=\"https:\/\/southcafe.fabricadewebs.com\/wp-content\/uploads\/2023\/10\/DSC2703.webp 1967w, https:\/\/southcafe.fabricadewebs.com\/wp-content\/uploads\/2023\/10\/DSC2703-300x300.webp 300w, https:\/\/southcafe.fabricadewebs.com\/wp-content\/uploads\/2023\/10\/DSC2703-1024x1024.webp 1024w, https:\/\/southcafe.fabricadewebs.com\/wp-content\/uploads\/2023\/10\/DSC2703-150x150.webp 150w, https:\/\/southcafe.fabricadewebs.com\/wp-content\/uploads\/2023\/10\/DSC2703-768x768.webp 768w, https:\/\/southcafe.fabricadewebs.com\/wp-content\/uploads\/2023\/10\/DSC2703-1536x1536.webp 1536w, https:\/\/southcafe.fabricadewebs.com\/wp-content\/uploads\/2023\/10\/DSC2703-600x600.webp 600w, https:\/\/southcafe.fabricadewebs.com\/wp-content\/uploads\/2023\/10\/DSC2703-100x100.webp 100w\" sizes=\"(max-width: 1967px) 100vw, 1967px\" \/>\t\t\t\t\t\t\t\t\t\t\t\t\t<\/div>\n\t\t\t\t<\/div>\n\t\t\t\t\t<\/div>\n\t\t<\/div>\n\t\t\t\t\t<\/div>\n\t\t<\/section>\n\t\t\t\t\t<\/div>\n\t\t<\/div>\n\t\t\t\t<div class=\"elementor-column elementor-col-50 elementor-top-column elementor-element elementor-element-5e1a66c\" data-id=\"5e1a66c\" data-element_type=\"column\">\n\t\t\t<div class=\"elementor-widget-wrap elementor-element-populated\">\n\t\t\t\t\t\t<div class=\"elementor-element elementor-element-3a3ad69 elementor-widget elementor-widget-heading\" data-id=\"3a3ad69\" data-element_type=\"widget\" data-widget_type=\"heading.default\">\n\t\t\t\t<div class=\"elementor-widget-container\">\n\t\t\t<span class=\"elementor-heading-title elementor-size-default\">Events with Southcaf\u00e9<\/span>\t\t<\/div>\n\t\t\t\t<\/div>\n\t\t\t\t<div class=\"elementor-element elementor-element-461800d elementor-widget elementor-widget-heading\" data-id=\"461800d\" data-element_type=\"widget\" data-widget_type=\"heading.default\">\n\t\t\t\t<div class=\"elementor-widget-container\">\n\t\t\t<h2 class=\"elementor-heading-title elementor-size-default\">Excellence in events with Southcaf\u00e9<\/h2>\t\t<\/div>\n\t\t\t\t<\/div>\n\t\t\t\t<div class=\"elementor-element elementor-element-b8ae30c elementor-widget elementor-widget-text-editor\" data-id=\"b8ae30c\" data-element_type=\"widget\" data-widget_type=\"text-editor.default\">\n\t\t\t\t<div class=\"elementor-widget-container\">\n\t\t\t<style>\/*! elementor - v3.20.0 - 26-03-2024 *\/\n.elementor-widget-text-editor.elementor-drop-cap-view-stacked .elementor-drop-cap{background-color:#69727d;color:#fff}.elementor-widget-text-editor.elementor-drop-cap-view-framed .elementor-drop-cap{color:#69727d;border:3px solid;background-color:transparent}.elementor-widget-text-editor:not(.elementor-drop-cap-view-default) .elementor-drop-cap{margin-top:8px}.elementor-widget-text-editor:not(.elementor-drop-cap-view-default) .elementor-drop-cap-letter{width:1em;height:1em}.elementor-widget-text-editor .elementor-drop-cap{float:left;text-align:center;line-height:1;font-size:50px}.elementor-widget-text-editor .elementor-drop-cap-letter{display:inline-block}<\/style>\t\t\t\t<div class=\"lRu31\"><span class=\"HwtZe\" lang=\"en\"><span class=\"jCAhz ChMk0b\"><span class=\"ryNqvb\">Celebrate the magic of every moment with Southcaf\u00e9.<\/span><\/span> <span class=\"jCAhz ChMk0b\"><span class=\"ryNqvb\">Our <b>catering <\/b>service is the perfect choice for emotional weddings, joy-filled <b>parties<\/b> and successful <b>corporate events<\/b>.<\/span><\/span> <span class=\"jCAhz ChMk0b\"><span class=\"ryNqvb\">Let our exceptional flavors and personalized attention transform your event into an unforgettable experience.<\/span><\/span><\/span><\/div>\t\t\t\t\t\t<\/div>\n\t\t\t\t<\/div>\n\t\t\t\t\t<\/div>\n\t\t<\/div>\n\t\t\t\t\t<\/div>\n\t\t<\/section>\n\t\t\t\t<section class=\"elementor-section elementor-top-section elementor-element elementor-element-361dcdf elementor-section-boxed elementor-section-height-default elementor-section-height-default\" data-id=\"361dcdf\" data-element_type=\"section\">\n\t\t\t\t\t\t<div class=\"elementor-container elementor-column-gap-default\">\n\t\t\t\t\t<div class=\"elementor-column elementor-col-100 elementor-top-column elementor-element elementor-element-e7e6ce6\" data-id=\"e7e6ce6\" data-element_type=\"column\">\n\t\t\t<div class=\"elementor-widget-wrap elementor-element-populated\">\n\t\t\t\t\t\t<div class=\"elementor-element elementor-element-c6638d6 elementor-widget elementor-widget-heading\" data-id=\"c6638d6\" data-element_type=\"widget\" data-widget_type=\"heading.default\">\n\t\t\t\t<div class=\"elementor-widget-container\">\n\t\t\t<h2 class=\"elementor-heading-title elementor-size-default\">Celebrate with distinction and unmatched flavor with Southcaf\u00e9<\/h2>\t\t<\/div>\n\t\t\t\t<\/div>\n\t\t\t\t<div class=\"elementor-element elementor-element-3a889ed elementor-widget elementor-widget-text-editor\" data-id=\"3a889ed\" data-element_type=\"widget\" data-widget_type=\"text-editor.default\">\n\t\t\t\t<div class=\"elementor-widget-container\">\n\t\t\t\t\t\t\t<div class=\"lRu31\"><span class=\"HwtZe\" lang=\"en\"><span class=\"jCAhz ChMk0b\"><span class=\"ryNqvb\">From dream weddings to unforgettable corporate events, our gourmet catering elevates every occasion.<\/span><\/span> <span class=\"jCAhz ChMk0b\"><span class=\"ryNqvb\">Let Southcaf\u00e9 make your event a feast of flavors and memorable moments.<\/span><\/span><\/span><\/div>\t\t\t\t\t\t<\/div>\n\t\t\t\t<\/div>\n\t\t\t\t<div class=\"elementor-element elementor-element-22b020f elementor-widget elementor-widget-spacer\" data-id=\"22b020f\" data-element_type=\"widget\" data-widget_type=\"spacer.default\">\n\t\t\t\t<div class=\"elementor-widget-container\">\n\t\t\t\t\t<div class=\"elementor-spacer\">\n\t\t\t<div class=\"elementor-spacer-inner\"><\/div>\n\t\t<\/div>\n\t\t\t\t<\/div>\n\t\t\t\t<\/div>\n\t\t\t\t<div class=\"elementor-element elementor-element-7e7bee4 elementor-align-center elementor-widget elementor-widget-button\" data-id=\"7e7bee4\" data-element_type=\"widget\" data-widget_type=\"button.default\">\n\t\t\t\t<div class=\"elementor-widget-container\">\n\t\t\t\t\t<div class=\"elementor-button-wrapper\">\n\t\t\t<a class=\"elementor-button elementor-button-link elementor-size-sm\" href=\"\/en\/contact-us\/\">\n\t\t\t\t\t\t<span class=\"elementor-button-content-wrapper\">\n\t\t\t\t\t\t<span class=\"elementor-button-text\">Book now!<\/span>\n\t\t<\/span>\n\t\t\t\t\t<\/a>\n\t\t<\/div>\n\t\t\t\t<\/div>\n\t\t\t\t<\/div>\n\t\t\t\t\t<\/div>\n\t\t<\/div>\n\t\t\t\t\t<\/div>\n\t\t<\/section>\n\t\t\t\t<section class=\"elementor-section elementor-top-section elementor-element elementor-element-f697650 elementor-section-full_width elementor-section-height-default elementor-section-height-default\" data-id=\"f697650\" data-element_type=\"section\">\n\t\t\t\t\t\t<div class=\"elementor-container elementor-column-gap-default\">\n\t\t\t\t\t<div class=\"elementor-column elementor-col-50 elementor-top-column elementor-element elementor-element-7fb83dd\" data-id=\"7fb83dd\" data-element_type=\"column\">\n\t\t\t<div class=\"elementor-widget-wrap elementor-element-populated\">\n\t\t\t\t\t\t<div class=\"elementor-element elementor-element-0575f3b elementor-widget elementor-widget-image\" data-id=\"0575f3b\" data-element_type=\"widget\" data-widget_type=\"image.default\">\n\t\t\t\t<div class=\"elementor-widget-container\">\n\t\t\t\t\t\t\t\t\t\t\t\t\t<img decoding=\"async\" width=\"800\" height=\"796\" src=\"https:\/\/southcafe.fabricadewebs.com\/wp-content\/uploads\/2023\/10\/DSC2787-1024x1019.webp\" class=\"attachment-large size-large wp-image-784\" alt=\"\" srcset=\"https:\/\/southcafe.fabricadewebs.com\/wp-content\/uploads\/2023\/10\/DSC2787-1024x1019.webp 1024w, https:\/\/southcafe.fabricadewebs.com\/wp-content\/uploads\/2023\/10\/DSC2787-300x300.webp 300w, https:\/\/southcafe.fabricadewebs.com\/wp-content\/uploads\/2023\/10\/DSC2787-150x150.webp 150w, https:\/\/southcafe.fabricadewebs.com\/wp-content\/uploads\/2023\/10\/DSC2787-768x764.webp 768w, https:\/\/southcafe.fabricadewebs.com\/wp-content\/uploads\/2023\/10\/DSC2787-1536x1528.webp 1536w, https:\/\/southcafe.fabricadewebs.com\/wp-content\/uploads\/2023\/10\/DSC2787-600x597.webp 600w, https:\/\/southcafe.fabricadewebs.com\/wp-content\/uploads\/2023\/10\/DSC2787-100x100.webp 100w, https:\/\/southcafe.fabricadewebs.com\/wp-content\/uploads\/2023\/10\/DSC2787.webp 1967w\" sizes=\"(max-width: 800px) 100vw, 800px\" \/>\t\t\t\t\t\t\t\t\t\t\t\t\t<\/div>\n\t\t\t\t<\/div>\n\t\t\t\t\t<\/div>\n\t\t<\/div>\n\t\t\t\t<div class=\"elementor-column elementor-col-50 elementor-top-column elementor-element elementor-element-9b8397f\" data-id=\"9b8397f\" data-element_type=\"column\" data-settings=\"{&quot;background_background&quot;:&quot;classic&quot;}\">\n\t\t\t<div class=\"elementor-widget-wrap elementor-element-populated\">\n\t\t\t\t\t\t<div class=\"elementor-element elementor-element-7075914 elementor-widget elementor-widget-heading\" data-id=\"7075914\" data-element_type=\"widget\" data-widget_type=\"heading.default\">\n\t\t\t\t<div class=\"elementor-widget-container\">\n\t\t\t<h2 class=\"elementor-heading-title elementor-size-default\">Come and meet us.<\/h2>\t\t<\/div>\n\t\t\t\t<\/div>\n\t\t\t\t<div class=\"elementor-element elementor-element-d74f584 elementor-widget elementor-widget-text-editor\" data-id=\"d74f584\" data-element_type=\"widget\" data-widget_type=\"text-editor.default\">\n\t\t\t\t<div class=\"elementor-widget-container\">\n\t\t\t\t\t\t\t<p>At South Caf\u00e9, our main objective is to satisfy the needs of our customers. Don&#8217;t hesitate to come and visit us. We will be delighted to assist you.<\/p>\t\t\t\t\t\t<\/div>\n\t\t\t\t<\/div>\n\t\t\t\t<div class=\"elementor-element elementor-element-0810b48 elementor-mobile-align-center elementor-widget elementor-widget-button\" data-id=\"0810b48\" data-element_type=\"widget\" data-widget_type=\"button.default\">\n\t\t\t\t<div class=\"elementor-widget-container\">\n\t\t\t\t\t<div class=\"elementor-button-wrapper\">\n\t\t\t<a class=\"elementor-button elementor-button-link elementor-size-sm\" href=\"\/en\/contact-us\/\">\n\t\t\t\t\t\t<span class=\"elementor-button-content-wrapper\">\n\t\t\t\t\t\t<span class=\"elementor-button-text\">Contact us<\/span>\n\t\t<\/span>\n\t\t\t\t\t<\/a>\n\t\t<\/div>\n\t\t\t\t<\/div>\n\t\t\t\t<\/div>\n\t\t\t\t\t<\/div>\n\t\t<\/div>\n\t\t\t\t\t<\/div>\n\t\t<\/section>\n\t\t\t\t<\/div>\n\t\t","protected":false},"excerpt":{"rendered":"<p>Events Events with Southcaf\u00e9 Excellence in events with Southcaf\u00e9 Celebrate the magic of every moment with Southcaf\u00e9. Our catering service is the perfect choice for emotional weddings, joy-filled parties and successful corporate events. Let our exceptional flavors and personalized attention transform your event into an unforgettable experience. Celebrate with distinction and unmatched flavor with Southcaf\u00e9 [&hellip;]<\/p>\n","protected":false},"author":1,"featured_media":0,"parent":0,"menu_order":0,"comment_status":"closed","ping_status":"closed","template":"elementor_header_footer","meta":{"footnotes":""},"class_list":["post-948","page","type-page","status-publish","hentry"],"yoast_head":"<!-- This site is optimized with the Yoast SEO plugin v21.4 - https:\/\/yoast.com\/wordpress\/plugins\/seo\/ -->\n<title>Events - Southcafe<\/title>\n<meta name=\"robots\" content=\"index, follow, max-snippet:-1, max-image-preview:large, max-video-preview:-1\" \/>\n<link rel=\"canonical\" href=\"https:\/\/southcafe.fabricadewebs.com\/en\/eventos\/\" \/>\n<meta property=\"og:locale\" content=\"en_US\" \/>\n<meta property=\"og:type\" content=\"article\" \/>\n<meta property=\"og:title\" content=\"Events - Southcafe\" \/>\n<meta property=\"og:description\" content=\"Events Events with Southcaf\u00e9 Excellence in events with Southcaf\u00e9 Celebrate the magic of every moment with Southcaf\u00e9. Our catering service is the perfect choice for emotional weddings, joy-filled parties and successful corporate events. Let our exceptional flavors and personalized attention transform your event into an unforgettable experience. Celebrate with distinction and unmatched flavor with Southcaf\u00e9 [&hellip;]\" \/>\n<meta property=\"og:url\" content=\"https:\/\/southcafe.fabricadewebs.com\/en\/eventos\/\" \/>\n<meta property=\"og:site_name\" content=\"Southcafe\" \/>\n<meta property=\"article:modified_time\" content=\"2023-10-19T15:39:51+00:00\" \/>\n<meta property=\"og:image\" content=\"https:\/\/southcafe.fabricadewebs.com\/wp-content\/uploads\/2023\/10\/DSC2720.webp\" \/>\n<meta name=\"twitter:card\" content=\"summary_large_image\" \/>\n<meta name=\"twitter:label1\" content=\"Est. reading time\" \/>\n\t<meta name=\"twitter:data1\" content=\"2 minutes\" \/>\n<script type=\"application\/ld+json\" class=\"yoast-schema-graph\">{\"@context\":\"https:\/\/schema.org\",\"@graph\":[{\"@type\":\"WebPage\",\"@id\":\"https:\/\/southcafe.fabricadewebs.com\/en\/eventos\/\",\"url\":\"https:\/\/southcafe.fabricadewebs.com\/en\/eventos\/\",\"name\":\"Events - Southcafe\",\"isPartOf\":{\"@id\":\"https:\/\/southcafe.fabricadewebs.com\/#website\"},\"datePublished\":\"2023-10-19T13:36:11+00:00\",\"dateModified\":\"2023-10-19T15:39:51+00:00\",\"breadcrumb\":{\"@id\":\"https:\/\/southcafe.fabricadewebs.com\/en\/eventos\/#breadcrumb\"},\"inLanguage\":\"en-US\",\"potentialAction\":[{\"@type\":\"ReadAction\",\"target\":[\"https:\/\/southcafe.fabricadewebs.com\/en\/eventos\/\"]}]},{\"@type\":\"BreadcrumbList\",\"@id\":\"https:\/\/southcafe.fabricadewebs.com\/en\/eventos\/#breadcrumb\",\"itemListElement\":[{\"@type\":\"ListItem\",\"position\":1,\"name\":\"Portada\",\"item\":\"https:\/\/southcafe.fabricadewebs.com\/en\/\"},{\"@type\":\"ListItem\",\"position\":2,\"name\":\"Events\"}]},{\"@type\":\"WebSite\",\"@id\":\"https:\/\/southcafe.fabricadewebs.com\/#website\",\"url\":\"https:\/\/southcafe.fabricadewebs.com\/\",\"name\":\"Southcafe\",\"description\":\"\",\"publisher\":{\"@id\":\"https:\/\/southcafe.fabricadewebs.com\/#organization\"},\"potentialAction\":[{\"@type\":\"SearchAction\",\"target\":{\"@type\":\"EntryPoint\",\"urlTemplate\":\"https:\/\/southcafe.fabricadewebs.com\/?s={search_term_string}\"},\"query-input\":\"required name=search_term_string\"}],\"inLanguage\":\"en-US\"},{\"@type\":\"Organization\",\"@id\":\"https:\/\/southcafe.fabricadewebs.com\/#organization\",\"name\":\"Southcafe\",\"url\":\"https:\/\/southcafe.fabricadewebs.com\/\",\"logo\":{\"@type\":\"ImageObject\",\"inLanguage\":\"en-US\",\"@id\":\"https:\/\/southcafe.fabricadewebs.com\/#\/schema\/logo\/image\/\",\"url\":\"https:\/\/southcafe.fabricadewebs.com\/wp-content\/uploads\/2023\/09\/logo-south-cafe-350.webp\",\"contentUrl\":\"https:\/\/southcafe.fabricadewebs.com\/wp-content\/uploads\/2023\/09\/logo-south-cafe-350.webp\",\"width\":350,\"height\":123,\"caption\":\"Southcafe\"},\"image\":{\"@id\":\"https:\/\/southcafe.fabricadewebs.com\/#\/schema\/logo\/image\/\"}}]}<\/script>\n<!-- \/ Yoast SEO plugin. -->","yoast_head_json":{"title":"Events - Southcafe","robots":{"index":"index","follow":"follow","max-snippet":"max-snippet:-1","max-image-preview":"max-image-preview:large","max-video-preview":"max-video-preview:-1"},"canonical":"https:\/\/southcafe.fabricadewebs.com\/en\/eventos\/","og_locale":"en_US","og_type":"article","og_title":"Events - Southcafe","og_description":"Events Events with Southcaf\u00e9 Excellence in events with Southcaf\u00e9 Celebrate the magic of every moment with Southcaf\u00e9. Our catering service is the perfect choice for emotional weddings, joy-filled parties and successful corporate events. Let our exceptional flavors and personalized attention transform your event into an unforgettable experience. Celebrate with distinction and unmatched flavor with Southcaf\u00e9 [&hellip;]","og_url":"https:\/\/southcafe.fabricadewebs.com\/en\/eventos\/","og_site_name":"Southcafe","article_modified_time":"2023-10-19T15:39:51+00:00","og_image":[{"url":"https:\/\/southcafe.fabricadewebs.com\/wp-content\/uploads\/2023\/10\/DSC2720.webp"}],"twitter_card":"summary_large_image","twitter_misc":{"Est. reading time":"2 minutes"},"schema":{"@context":"https:\/\/schema.org","@graph":[{"@type":"WebPage","@id":"https:\/\/southcafe.fabricadewebs.com\/en\/eventos\/","url":"https:\/\/southcafe.fabricadewebs.com\/en\/eventos\/","name":"Events - Southcafe","isPartOf":{"@id":"https:\/\/southcafe.fabricadewebs.com\/#website"},"datePublished":"2023-10-19T13:36:11+00:00","dateModified":"2023-10-19T15:39:51+00:00","breadcrumb":{"@id":"https:\/\/southcafe.fabricadewebs.com\/en\/eventos\/#breadcrumb"},"inLanguage":"en-US","potentialAction":[{"@type":"ReadAction","target":["https:\/\/southcafe.fabricadewebs.com\/en\/eventos\/"]}]},{"@type":"BreadcrumbList","@id":"https:\/\/southcafe.fabricadewebs.com\/en\/eventos\/#breadcrumb","itemListElement":[{"@type":"ListItem","position":1,"name":"Portada","item":"https:\/\/southcafe.fabricadewebs.com\/en\/"},{"@type":"ListItem","position":2,"name":"Events"}]},{"@type":"WebSite","@id":"https:\/\/southcafe.fabricadewebs.com\/#website","url":"https:\/\/southcafe.fabricadewebs.com\/","name":"Southcafe","description":"","publisher":{"@id":"https:\/\/southcafe.fabricadewebs.com\/#organization"},"potentialAction":[{"@type":"SearchAction","target":{"@type":"EntryPoint","urlTemplate":"https:\/\/southcafe.fabricadewebs.com\/?s={search_term_string}"},"query-input":"required name=search_term_string"}],"inLanguage":"en-US"},{"@type":"Organization","@id":"https:\/\/southcafe.fabricadewebs.com\/#organization","name":"Southcafe","url":"https:\/\/southcafe.fabricadewebs.com\/","logo":{"@type":"ImageObject","inLanguage":"en-US","@id":"https:\/\/southcafe.fabricadewebs.com\/#\/schema\/logo\/image\/","url":"https:\/\/southcafe.fabricadewebs.com\/wp-content\/uploads\/2023\/09\/logo-south-cafe-350.webp","contentUrl":"https:\/\/southcafe.fabricadewebs.com\/wp-content\/uploads\/2023\/09\/logo-south-cafe-350.webp","width":350,"height":123,"caption":"Southcafe"},"image":{"@id":"https:\/\/southcafe.fabricadewebs.com\/#\/schema\/logo\/image\/"}}]}},"_links":{"self":[{"href":"https:\/\/southcafe.fabricadewebs.com\/en\/wp-json\/wp\/v2\/pages\/948","targetHints":{"allow":["GET"]}}],"collection":[{"href":"https:\/\/southcafe.fabricadewebs.com\/en\/wp-json\/wp\/v2\/pages"}],"about":[{"href":"https:\/\/southcafe.fabricadewebs.com\/en\/wp-json\/wp\/v2\/types\/page"}],"author":[{"embeddable":true,"href":"https:\/\/southcafe.fabricadewebs.com\/en\/wp-json\/wp\/v2\/users\/1"}],"replies":[{"embeddable":true,"href":"https:\/\/southcafe.fabricadewebs.com\/en\/wp-json\/wp\/v2\/comments?post=948"}],"version-history":[{"count":10,"href":"https:\/\/southcafe.fabricadewebs.com\/en\/wp-json\/wp\/v2\/pages\/948\/revisions"}],"predecessor-version":[{"id":1040,"href":"https:\/\/southcafe.fabricadewebs.com\/en\/wp-json\/wp\/v2\/pages\/948\/revisions\/1040"}],"wp:attachment":[{"href":"https:\/\/southcafe.fabricadewebs.com\/en\/wp-json\/wp\/v2\/media?parent=948"}],"curies":[{"name":"wp","href":"https:\/\/api.w.org\/{rel}","templated":true}]}}